{"id":2066,"date":"2021-09-17T15:34:39","date_gmt":"2021-09-17T13:34:39","guid":{"rendered":"https:\/\/soanimation.fr\/?page_id=2066"},"modified":"2025-04-13T10:46:23","modified_gmt":"2025-04-13T08:46:23","slug":"payer-en-ligne","status":"publish","type":"page","link":"https:\/\/soanimation.fr\/index.php\/payer-en-ligne\/","title":{"rendered":"PAYER EN LIGNE"},"content":{"rendered":"\t\t<div data-elementor-type=\"wp-page\" data-elementor-id=\"2066\" class=\"elementor elementor-2066\">\n\t\t\t\t\t\t<section class=\"elementor-section elementor-top-section elementor-element elementor-element-749685c elementor-section-full_width elementor-section-content-middle elementor-section-height-default elementor-section-height-default\" data-id=\"749685c\" data-element_type=\"section\" data-e-type=\"section\" data-settings=\"{&quot;background_background&quot;:&quot;classic&quot;}\">\n\t\t\t\t\t\t\t<div class=\"elementor-background-overlay\"><\/div>\n\t\t\t\t\t\t\t<div class=\"elementor-container elementor-column-gap-no\">\n\t\t\t\t\t<div class=\"elementor-column elementor-col-100 elementor-top-column elementor-element elementor-element-43b9a4de\" data-id=\"43b9a4de\" data-element_type=\"column\" data-e-type=\"column\">\n\t\t\t<div class=\"elementor-widget-wrap elementor-element-populated\">\n\t\t\t\t\t\t<section class=\"elementor-section elementor-inner-section elementor-element elementor-element-4f925d42 elementor-section-content-top elementor-section-boxed elementor-section-height-default elementor-section-height-default\" data-id=\"4f925d42\" data-element_type=\"section\" data-e-type=\"section\">\n\t\t\t\t\t\t<div class=\"elementor-container elementor-column-gap-no\">\n\t\t\t\t\t<div class=\"elementor-column elementor-col-100 elementor-inner-column elementor-element elementor-element-38e0eb59\" data-id=\"38e0eb59\" data-element_type=\"column\" data-e-type=\"column\">\n\t\t\t<div class=\"elementor-widget-wrap elementor-element-populated\">\n\t\t\t\t\t\t<div class=\"elementor-element elementor-element-2ff231a6 elementor-widget elementor-widget-spacer\" data-id=\"2ff231a6\" data-element_type=\"widget\" data-e-type=\"widget\" data-widget_type=\"spacer.default\">\n\t\t\t\t<div class=\"elementor-widget-container\">\n\t\t\t\t\t\t\t<div class=\"elementor-spacer\">\n\t\t\t<div class=\"elementor-spacer-inner\"><\/div>\n\t\t<\/div>\n\t\t\t\t\t\t<\/div>\n\t\t\t\t<\/div>\n\t\t\t\t<div class=\"elementor-element elementor-element-71fb9977 animated-slow elementor-invisible elementor-widget elementor-widget-image\" data-id=\"71fb9977\" data-element_type=\"widget\" data-e-type=\"widget\" data-settings=\"{&quot;_animation&quot;:&quot;zoomIn&quot;}\" data-widget_type=\"image.default\">\n\t\t\t\t<div class=\"elementor-widget-container\">\n\t\t\t\t\t\t\t\t\t\t\t\t\t\t\t<img decoding=\"async\" width=\"300\" height=\"41\" src=\"https:\/\/soanimation.fr\/wp-content\/uploads\/2020\/12\/Page-2-300x41.png\" class=\"attachment-medium size-medium wp-image-260 jetpack-lazy-image\" alt=\"\" data-lazy-srcset=\"https:\/\/soanimation.fr\/wp-content\/uploads\/2020\/12\/Page-2-300x41.png 300w, https:\/\/soanimation.fr\/wp-content\/uploads\/2020\/12\/Page-2-600x83.png 600w, https:\/\/soanimation.fr\/wp-content\/uploads\/2020\/12\/Page-2-1024x141.png 1024w, https:\/\/soanimation.fr\/wp-content\/uploads\/2020\/12\/Page-2-768x106.png 768w, https:\/\/soanimation.fr\/wp-content\/uploads\/2020\/12\/Page-2-1536x211.png 1536w, https:\/\/soanimation.fr\/wp-content\/uploads\/2020\/12\/Page-2-2048x282.png 2048w\" data-lazy-sizes=\"(max-width: 300px) 100vw, 300px\" data-lazy-src=\"https:\/\/soanimation.fr\/wp-content\/uploads\/2020\/12\/Page-2-300x41.png?is-pending-load=1\" srcset=\"data:image\/gif;base64,R0lGODlhAQABAIAAAAAAAP\/\/\/yH5BAEAAAAALAAAAAABAAEAAAIBRAA7\" \/>\t\t\t\t\t\t\t\t\t\t\t\t\t\t\t<\/div>\n\t\t\t\t<\/div>\n\t\t\t\t<div class=\"elementor-element elementor-element-e17540c animated-slow elementor-invisible elementor-widget elementor-widget-heading\" data-id=\"e17540c\" data-element_type=\"widget\" data-e-type=\"widget\" data-settings=\"{&quot;_animation&quot;:&quot;zoomIn&quot;}\" data-widget_type=\"heading.default\">\n\t\t\t\t<div class=\"elementor-widget-container\">\n\t\t\t\t\t<h2 class=\"elementor-heading-title elementor-size-large\">Payer en ligne<\/h2>\t\t\t\t<\/div>\n\t\t\t\t<\/div>\n\t\t\t\t<div class=\"elementor-element elementor-element-3e4e6e35 animated-slow elementor-invisible elementor-widget elementor-widget-image\" data-id=\"3e4e6e35\" data-element_type=\"widget\" data-e-type=\"widget\" data-settings=\"{&quot;_animation&quot;:&quot;zoomIn&quot;}\" data-widget_type=\"image.default\">\n\t\t\t\t<div class=\"elementor-widget-container\">\n\t\t\t\t\t\t\t\t\t\t\t\t\t\t\t<img decoding=\"async\" width=\"300\" height=\"41\" src=\"https:\/\/soanimation.fr\/wp-content\/uploads\/2020\/12\/cadrebas-300x41.png\" class=\"attachment-medium size-medium wp-image-268 jetpack-lazy-image\" alt=\"\" data-lazy-srcset=\"https:\/\/soanimation.fr\/wp-content\/uploads\/2020\/12\/cadrebas-300x41.png 300w, https:\/\/soanimation.fr\/wp-content\/uploads\/2020\/12\/cadrebas-600x83.png 600w, https:\/\/soanimation.fr\/wp-content\/uploads\/2020\/12\/cadrebas-1024x141.png 1024w, https:\/\/soanimation.fr\/wp-content\/uploads\/2020\/12\/cadrebas-768x106.png 768w, https:\/\/soanimation.fr\/wp-content\/uploads\/2020\/12\/cadrebas-1536x211.png 1536w, https:\/\/soanimation.fr\/wp-content\/uploads\/2020\/12\/cadrebas-2048x282.png 2048w\" data-lazy-sizes=\"(max-width: 300px) 100vw, 300px\" data-lazy-src=\"https:\/\/soanimation.fr\/wp-content\/uploads\/2020\/12\/cadrebas-300x41.png?is-pending-load=1\" srcset=\"data:image\/gif;base64,R0lGODlhAQABAIAAAAAAAP\/\/\/yH5BAEAAAAALAAAAAABAAEAAAIBRAA7\" \/>\t\t\t\t\t\t\t\t\t\t\t\t\t\t\t<\/div>\n\t\t\t\t<\/div>\n\t\t\t\t\t<\/div>\n\t\t<\/div>\n\t\t\t\t\t<\/div>\n\t\t<\/section>\n\t\t\t\t\t<\/div>\n\t\t<\/div>\n\t\t\t\t\t<\/div>\n\t\t<\/section>\n\t\t\t\t<section class=\"elementor-section elementor-top-section elementor-element elementor-element-74d58a34 elementor-section-boxed elementor-section-height-default elementor-section-height-default\" data-id=\"74d58a34\" data-element_type=\"section\" data-e-type=\"section\" data-settings=\"{&quot;background_background&quot;:&quot;classic&quot;}\">\n\t\t\t\t\t\t<div class=\"elementor-container elementor-column-gap-default\">\n\t\t\t\t\t<div class=\"elementor-column elementor-col-33 elementor-top-column elementor-element elementor-element-69682164\" data-id=\"69682164\" data-element_type=\"column\" data-e-type=\"column\">\n\t\t\t<div class=\"elementor-widget-wrap\">\n\t\t\t\t\t\t\t<\/div>\n\t\t<\/div>\n\t\t\t\t<div class=\"elementor-column elementor-col-33 elementor-top-column elementor-element elementor-element-297d5a0e\" data-id=\"297d5a0e\" data-element_type=\"column\" data-e-type=\"column\">\n\t\t\t<div class=\"elementor-widget-wrap elementor-element-populated\">\n\t\t\t\t\t\t<div class=\"elementor-element elementor-element-58df3e6a elementor-widget elementor-widget-spacer\" data-id=\"58df3e6a\" data-element_type=\"widget\" data-e-type=\"widget\" data-widget_type=\"spacer.default\">\n\t\t\t\t<div class=\"elementor-widget-container\">\n\t\t\t\t\t\t\t<div class=\"elementor-spacer\">\n\t\t\t<div class=\"elementor-spacer-inner\"><\/div>\n\t\t<\/div>\n\t\t\t\t\t\t<\/div>\n\t\t\t\t<\/div>\n\t\t\t\t<div class=\"elementor-element elementor-element-cdd500d elementor-view-default elementor-position-block-start elementor-mobile-position-block-start elementor-widget elementor-widget-icon-box\" data-id=\"cdd500d\" data-element_type=\"widget\" data-e-type=\"widget\" data-widget_type=\"icon-box.default\">\n\t\t\t\t<div class=\"elementor-widget-container\">\n\t\t\t\t\t\t\t<div class=\"elementor-icon-box-wrapper\">\n\n\t\t\t\t\t\t<div class=\"elementor-icon-box-icon\">\n\t\t\t\t<span  class=\"elementor-icon elementor-animation-pulse\">\n\t\t\t\t<i aria-hidden=\"true\" class=\"fas fa-credit-card\"><\/i>\t\t\t\t<\/span>\n\t\t\t<\/div>\n\t\t\t\n\t\t\t\t\t\t<div class=\"elementor-icon-box-content\">\n\n\t\t\t\t\n\t\t\t\t\t\t\t\t\t<p class=\"elementor-icon-box-description\">\n\t\t\t\t\t\t<p style=\"text-align: center\">Il est possible de r\u00e9gler en ligne par carte bancaire.<\/p>\n<p style=\"text-align: center\"><span style=\"color: var( --e-global-color );font-size: inherit;text-align: justify\">\u00a0Ce service est fiable et s\u00e9curis\u00e9, il est assur\u00e9 par la soci\u00e9t\u00e9 \u00ab\u00a0STRIPE\u00a0\u00bb et par l'association \"Hello Asso\".<\/span><\/p>\n<p style=\"text-align: center\"><\/p>\n<p style=\"text-align: center\">Vous souhaitez r\u00e9gler :\u00a0<\/p>\n<p>&nbsp;<\/p>\t\t\t\t\t<\/p>\n\t\t\t\t\n\t\t\t<\/div>\n\t\t\t\n\t\t<\/div>\n\t\t\t\t\t\t<\/div>\n\t\t\t\t<\/div>\n\t\t\t\t\t<\/div>\n\t\t<\/div>\n\t\t\t\t<div class=\"elementor-column elementor-col-33 elementor-top-column elementor-element elementor-element-33533318\" data-id=\"33533318\" data-element_type=\"column\" data-e-type=\"column\">\n\t\t\t<div class=\"elementor-widget-wrap\">\n\t\t\t\t\t\t\t<\/div>\n\t\t<\/div>\n\t\t\t\t\t<\/div>\n\t\t<\/section>\n\t\t\t\t<section class=\"elementor-section elementor-top-section elementor-element elementor-element-0406fbb elementor-section-boxed elementor-section-height-default elementor-section-height-default\" data-id=\"0406fbb\" data-element_type=\"section\" data-e-type=\"section\" data-settings=\"{&quot;background_background&quot;:&quot;classic&quot;}\">\n\t\t\t\t\t\t<div class=\"elementor-container elementor-column-gap-default\">\n\t\t\t\t\t<div class=\"elementor-column elementor-col-25 elementor-top-column elementor-element elementor-element-c12d802\" data-id=\"c12d802\" data-element_type=\"column\" data-e-type=\"column\">\n\t\t\t<div class=\"elementor-widget-wrap\">\n\t\t\t\t\t\t\t<\/div>\n\t\t<\/div>\n\t\t\t\t<div class=\"elementor-column elementor-col-25 elementor-top-column elementor-element elementor-element-98623fe\" data-id=\"98623fe\" data-element_type=\"column\" data-e-type=\"column\">\n\t\t\t<div class=\"elementor-widget-wrap elementor-element-populated\">\n\t\t\t\t\t\t<div class=\"elementor-element elementor-element-40d18e8 elementor-align-center elementor-widget elementor-widget-button\" data-id=\"40d18e8\" data-element_type=\"widget\" data-e-type=\"widget\" data-widget_type=\"button.default\">\n\t\t\t\t<div class=\"elementor-widget-container\">\n\t\t\t\t\t\t\t\t\t<div class=\"elementor-button-wrapper\">\n\t\t\t\t\t<a class=\"elementor-button elementor-size-lg\" role=\"button\">\n\t\t\t\t\t\t<span class=\"elementor-button-content-wrapper\">\n\t\t\t\t\t\t\t\t\t<span class=\"elementor-button-text\">CENTRES DE LOISIRS<\/span>\n\t\t\t\t\t<\/span>\n\t\t\t\t\t<\/a>\n\t\t\t\t<\/div>\n\t\t\t\t\t\t\t\t<\/div>\n\t\t\t\t<\/div>\n\t\t\t\t\t<\/div>\n\t\t<\/div>\n\t\t\t\t<div class=\"elementor-column elementor-col-25 elementor-top-column elementor-element elementor-element-3b420b7\" data-id=\"3b420b7\" data-element_type=\"column\" data-e-type=\"column\">\n\t\t\t<div class=\"elementor-widget-wrap elementor-element-populated\">\n\t\t\t\t\t\t<div class=\"elementor-element elementor-element-607c53b elementor-align-center elementor-widget elementor-widget-button\" data-id=\"607c53b\" data-element_type=\"widget\" data-e-type=\"widget\" data-widget_type=\"button.default\">\n\t\t\t\t<div class=\"elementor-widget-container\">\n\t\t\t\t\t\t\t\t\t<div class=\"elementor-button-wrapper\">\n\t\t\t\t\t<a class=\"elementor-button elementor-button-link elementor-size-lg\" href=\"https:\/\/soanimation.fr\/index.php\/payer-en-ligne\/paiement-en-ligne\/\">\n\t\t\t\t\t\t<span class=\"elementor-button-content-wrapper\">\n\t\t\t\t\t\t\t\t\t<span class=\"elementor-button-text\">S\u00c9JOURS<\/span>\n\t\t\t\t\t<\/span>\n\t\t\t\t\t<\/a>\n\t\t\t\t<\/div>\n\t\t\t\t\t\t\t\t<\/div>\n\t\t\t\t<\/div>\n\t\t\t\t\t<\/div>\n\t\t<\/div>\n\t\t\t\t<div class=\"elementor-column elementor-col-25 elementor-top-column elementor-element elementor-element-8d47f70\" data-id=\"8d47f70\" data-element_type=\"column\" data-e-type=\"column\">\n\t\t\t<div class=\"elementor-widget-wrap\">\n\t\t\t\t\t\t\t<\/div>\n\t\t<\/div>\n\t\t\t\t\t<\/div>\n\t\t<\/section>\n\t\t\t\t<\/div>\n\t\t","protected":false},"excerpt":{"rendered":"<p>Payer en ligne Il est possible de r\u00e9gler en ligne par carte bancaire. \u00a0Ce service est fiable et s\u00e9curis\u00e9, il est assur\u00e9 par la soci\u00e9t\u00e9 \u00ab\u00a0STRIPE\u00a0\u00bb et par l&rsquo;association \u00ab\u00a0Hello Asso\u00a0\u00bb. Vous souhaitez r\u00e9gler :\u00a0 &nbsp; CENTRES DE LOISIRS S\u00c9JOURS<\/p>\n","protected":false},"author":1,"featured_media":0,"parent":0,"menu_order":0,"comment_status":"closed","ping_status":"closed","template":"elementor_header_footer","meta":{"footnotes":""},"class_list":["post-2066","page","type-page","status-publish","hentry"],"_links":{"self":[{"href":"https:\/\/soanimation.fr\/index.php\/wp-json\/wp\/v2\/pages\/2066"}],"collection":[{"href":"https:\/\/soanimation.fr\/index.php\/wp-json\/wp\/v2\/pages"}],"about":[{"href":"https:\/\/soanimation.fr\/index.php\/wp-json\/wp\/v2\/types\/page"}],"author":[{"embeddable":true,"href":"https:\/\/soanimation.fr\/index.php\/wp-json\/wp\/v2\/users\/1"}],"replies":[{"embeddable":true,"href":"https:\/\/soanimation.fr\/index.php\/wp-json\/wp\/v2\/comments?post=2066"}],"version-history":[{"count":25,"href":"https:\/\/soanimation.fr\/index.php\/wp-json\/wp\/v2\/pages\/2066\/revisions"}],"predecessor-version":[{"id":4161,"href":"https:\/\/soanimation.fr\/index.php\/wp-json\/wp\/v2\/pages\/2066\/revisions\/4161"}],"wp:attachment":[{"href":"https:\/\/soanimation.fr\/index.php\/wp-json\/wp\/v2\/media?parent=2066"}],"curies":[{"name":"wp","href":"https:\/\/api.w.org\/{rel}","templated":true}]}}